{"id":364,"date":"2025-04-26T17:15:09","date_gmt":"2025-04-26T15:15:09","guid":{"rendered":"https:\/\/www.asociacioncardijn.org\/web\/?page_id=364"},"modified":"2025-05-14T18:43:16","modified_gmt":"2025-05-14T16:43:16","slug":"proteccion-internacional","status":"publish","type":"page","link":"https:\/\/www.asociacioncardijn.org\/web\/proteccion-internacional\/","title":{"rendered":"Programa de Acogida Protecci\u00f3n Internacional"},"content":{"rendered":"\n<figure class=\"wp-block-image size-full\"><img decoding=\"async\" width=\"977\" height=\"83\" src=\"https:\/\/www.asociacioncardijn.org\/web\/wp-content\/uploads\/2025\/04\/wordpress_cabecera_web-pi.png\" alt=\"\" class=\"wp-image-394\" srcset=\"https:\/\/www.asociacioncardijn.org\/web\/wp-content\/uploads\/2025\/04\/wordpress_cabecera_web-pi.png 977w, https:\/\/www.asociacioncardijn.org\/web\/wp-content\/uploads\/2025\/04\/wordpress_cabecera_web-pi-300x25.png 300w, https:\/\/www.asociacioncardijn.org\/web\/wp-content\/uploads\/2025\/04\/wordpress_cabecera_web-pi-768x65.png 768w\" sizes=\"(max-width: 977px) 100vw, 977px\" \/><\/figure>\n\n\n\n<p>La Asociaci\u00f3n Cardijn y el Secretariado Diocesano de Migraciones vienen gestionando desde 1995 una Red de Atenci\u00f3n a personas inmigrantes en la Provincia de C\u00e1diz, en la ciudades de Granada y Ceuta y, en los \u00faltimos a\u00f1os, en la Regi\u00f3n norte de Marruecos.<\/p>\n\n\n\n<p>Desde esta estructura se desarrollan una serie de programas con la finalidad de dar una respuesta conjunta y ordenada a las diferentes necesidades detectadas, abordando la realidad migratoria desde la heterogeneidad. A trav\u00e9s de las intervenciones realizadas desde los dispositivos de atenci\u00f3n de la Red se favorece y potencia la plena integraci\u00f3n social, econ\u00f3mica, laboral y cultural de las personas migrantes y sus familias.<\/p>\n\n\n\n<p>Asimismo, es importante destacar que el espacio geogr\u00e1fico fronterizo donde realizamos nuestra actuaci\u00f3n nos predispone a dar cobertura a las necesidades derivadas de los flujos migratorios y a la acogida humanitaria de personas migrantes que se encuentran en situaci\u00f3n de vulnerabilidad.<\/p>\n\n\n\n<figure class=\"wp-block-image aligncenter size-full\"><img decoding=\"async\" width=\"800\" height=\"600\" src=\"https:\/\/www.asociacioncardijn.org\/web\/wp-content\/uploads\/2025\/01\/acogida_pi.jpg\" alt=\"\" class=\"wp-image-359\" srcset=\"https:\/\/www.asociacioncardijn.org\/web\/wp-content\/uploads\/2025\/01\/acogida_pi.jpg 800w, https:\/\/www.asociacioncardijn.org\/web\/wp-content\/uploads\/2025\/01\/acogida_pi-300x225.jpg 300w, https:\/\/www.asociacioncardijn.org\/web\/wp-content\/uploads\/2025\/01\/acogida_pi-768x576.jpg 768w, https:\/\/www.asociacioncardijn.org\/web\/wp-content\/uploads\/2025\/01\/acogida_pi-640x480.jpg 640w\" sizes=\"(max-width: 800px) 100vw, 800px\" \/><\/figure>\n\n\n\n<p><\/p>\n","protected":false},"excerpt":{"rendered":"<p>La Asociaci\u00f3n Cardijn y el Secretariado Diocesano de Migraciones vienen gestionando desde 1995 una Red de Atenci\u00f3n a personas inmigrantes en la Provincia de C\u00e1diz, en la ciudades de Granada y Ceuta y, en los \u00faltimos a\u00f1os, en la Regi\u00f3n norte de Marruecos. Desde esta estructura se desarrollan una serie de programas con la finalidad<\/p>\n","protected":false},"author":1,"featured_media":0,"parent":0,"menu_order":0,"comment_status":"closed","ping_status":"closed","template":"","meta":{"om_disable_all_campaigns":false,"_monsterinsights_skip_tracking":false,"_monsterinsights_sitenote_active":false,"_monsterinsights_sitenote_note":"","_monsterinsights_sitenote_category":0,"_uf_show_specific_survey":0,"_uf_disable_surveys":false,"cybocfi_hide_featured_image":"","footnotes":""},"class_list":["post-364","page","type-page","status-publish","hentry"],"aioseo_notices":[],"_links":{"self":[{"href":"https:\/\/www.asociacioncardijn.org\/web\/wp-json\/wp\/v2\/pages\/364","targetHints":{"allow":["GET"]}}],"collection":[{"href":"https:\/\/www.asociacioncardijn.org\/web\/wp-json\/wp\/v2\/pages"}],"about":[{"href":"https:\/\/www.asociacioncardijn.org\/web\/wp-json\/wp\/v2\/types\/page"}],"author":[{"embeddable":true,"href":"https:\/\/www.asociacioncardijn.org\/web\/wp-json\/wp\/v2\/users\/1"}],"replies":[{"embeddable":true,"href":"https:\/\/www.asociacioncardijn.org\/web\/wp-json\/wp\/v2\/comments?post=364"}],"version-history":[{"count":7,"href":"https:\/\/www.asociacioncardijn.org\/web\/wp-json\/wp\/v2\/pages\/364\/revisions"}],"predecessor-version":[{"id":533,"href":"https:\/\/www.asociacioncardijn.org\/web\/wp-json\/wp\/v2\/pages\/364\/revisions\/533"}],"wp:attachment":[{"href":"https:\/\/www.asociacioncardijn.org\/web\/wp-json\/wp\/v2\/media?parent=364"}],"curies":[{"name":"wp","href":"https:\/\/api.w.org\/{rel}","templated":true}]}}